{"id":109692,"date":"2025-04-23T09:44:43","date_gmt":"2025-04-23T08:44:43","guid":{"rendered":"https:\/\/diadem.com\/impressum\/"},"modified":"2025-04-23T10:01:20","modified_gmt":"2025-04-23T09:01:20","slug":"impressum","status":"publish","type":"page","link":"https:\/\/diadem.com\/de\/impressum\/","title":{"rendered":"Impressum"},"content":{"rendered":"\t\t<div data-elementor-type=\"wp-page\" data-elementor-id=\"109692\" class=\"elementor elementor-109692 elementor-109662\" data-elementor-post-type=\"page\">\n\t\t\t\t<div class=\"elementor-element elementor-element-7490c42 e-flex e-con-boxed e-con e-parent\" data-id=\"7490c42\" data-element_type=\"container\" data-e-type=\"container\">\n\t\t\t\t\t<div class=\"e-con-inner\">\n\t\t\t\t<div class=\"elementor-element elementor-element-7a96c1a elementor-widget elementor-widget-text-editor\" data-id=\"7a96c1a\" data-element_type=\"widget\" data-e-type=\"widget\" data-widget_type=\"text-editor.default\">\n\t\t\t\t<div class=\"elementor-widget-container\">\n\t\t\t\t\t\t\t\t\t<div class=\"elementor elementor-9037\" data-elementor-type=\"wp-page\" data-elementor-id=\"9037\" data-elementor-post-type=\"page\"><div class=\"elementor-element elementor-element-9c00934 e-flex e-con-boxed e-con e-parent e-lazyloaded\" data-id=\"9c00934\" data-element_type=\"container\"><div class=\"e-con-inner\"><div class=\"elementor-element elementor-element-573a191 elementor-widget elementor-widget-text-editor\" data-id=\"573a191\" data-element_type=\"widget\" data-widget_type=\"text-editor.default\"><div class=\"elementor-widget-container\"><div class=\"elementor-element elementor-element-185cf9e elementor-widget elementor-widget-heading\" data-id=\"185cf9e\" data-element_type=\"widget\" data-widget_type=\"heading.default\"><div class=\"elementor-widget-container\"><h2 class=\"elementor-heading-title elementor-size-default\">Impressum<\/h2><\/div><\/div><div class=\"elementor-element elementor-element-1aacd86 elementor-widget elementor-widget-text-editor\" data-id=\"1aacd86\" data-element_type=\"widget\" data-widget_type=\"text-editor.default\"><div class=\"elementor-widget-container\"><h3><strong>Angaben zum Dienstanbieter<\/strong><\/h3><p>Name: A.P.P. Kft.<br>Firmensitz: 9028 Gy\u0151r, Feh\u00e9rv\u00e1ri \u00fat 5<br>Postanschrift: 9028 Gy\u0151r, Feh\u00e9rv\u00e1ri \u00fat 5<br>Handelsgericht: Handelsgericht Gy\u0151r<br>Handelsregisternummer: 08-09-007336<br>Steuernummer: 11611989-2-08<br>Vertreten durch: Tam\u00e1s T\u00f3th<br>E-Mail: info@tudatostetok.hu<br>Webseite: https:\/\/tudatostetok.hu<\/p><h3><strong>Angaben zum Hostinganbieter<\/strong><\/h3><p>Name: Rackforest Zrt.<br data-start=\"505\" data-end=\"508\">Firmensitz: 1132 Budapest, Victor Hugo utca 11. 5. Stock, B05001<br data-start=\"580\" data-end=\"583\">Kontakt: <a rel=\"noopener\" data-start=\"592\" data-end=\"610\">info@rackforest.hu<\/a><br data-start=\"610\" data-end=\"613\">Webseite: <a class=\"\" href=\"https:\/\/rackforest.hu\" target=\"_new\" rel=\"noopener\" data-start=\"622\" data-end=\"643\">https:\/\/rackforest.hu<\/a> <\/p><\/div><\/div><\/div><\/div><\/div><\/div><\/div>\t\t\t\t\t\t\t\t<\/div>\n\t\t\t\t<\/div>\n\t\t\t\t\t<\/div>\n\t\t\t\t<\/div>\n\t\t\t\t<\/div>\n\t\t","protected":false},"excerpt":{"rendered":"<p>Impressum Angaben zum Dienstanbieter Name: A.P.P. Kft.Firmensitz: 9028 Gy\u0151r, Feh\u00e9rv\u00e1ri \u00fat 5Postanschrift: 9028 Gy\u0151r, Feh\u00e9rv\u00e1ri \u00fat 5Handelsgericht: Handelsgericht Gy\u0151rHandelsregisternummer: 08-09-007336Steuernummer: 11611989-2-08Vertreten durch: Tam\u00e1s T\u00f3thE-Mail: info@tudatostetok.huWebseite: https:\/\/tudatostetok.hu Angaben zum Hostinganbieter Name: Rackforest Zrt.Firmensitz: 1132 Budapest, Victor Hugo utca 11. 5. Stock, B05001Kontakt: info@rackforest.huWebseite: https:\/\/rackforest.hu<\/p>\n","protected":false},"author":1,"featured_media":0,"parent":0,"menu_order":0,"comment_status":"closed","ping_status":"closed","template":"","meta":{"_acf_changed":false,"footnotes":""},"class_list":["post-109692","page","type-page","status-publish","hentry"],"acf":[],"yoast_head":"<!-- This site is optimized with the Yoast SEO Premium plugin v27.3 (Yoast SEO v27.3) - https:\/\/yoast.com\/product\/yoast-seo-premium-wordpress\/ -->\n<title>Impressum - Diadem<\/title>\n<meta name=\"robots\" content=\"index, follow, max-snippet:-1, max-image-preview:large, max-video-preview:-1\" \/>\n<link rel=\"canonical\" href=\"https:\/\/diadem.com\/de\/impressum\/\" \/>\n<meta property=\"og:locale\" content=\"de_DE\" \/>\n<meta property=\"og:type\" content=\"article\" \/>\n<meta property=\"og:title\" content=\"Impressum\" \/>\n<meta property=\"og:description\" content=\"Impressum Angaben zum Dienstanbieter Name: A.P.P. Kft.Firmensitz: 9028 Gy\u0151r, Feh\u00e9rv\u00e1ri \u00fat 5Postanschrift: 9028 Gy\u0151r, Feh\u00e9rv\u00e1ri \u00fat 5Handelsgericht: Handelsgericht Gy\u0151rHandelsregisternummer: 08-09-007336Steuernummer: 11611989-2-08Vertreten durch: Tam\u00e1s T\u00f3thE-Mail: info@tudatostetok.huWebseite: https:\/\/tudatostetok.hu Angaben zum Hostinganbieter Name: Rackforest Zrt.Firmensitz: 1132 Budapest, Victor Hugo utca 11. 5. Stock, B05001Kontakt: info@rackforest.huWebseite: https:\/\/rackforest.hu\" \/>\n<meta property=\"og:url\" content=\"https:\/\/diadem.com\/de\/impressum\/\" \/>\n<meta property=\"og:site_name\" content=\"Diadem\" \/>\n<meta property=\"article:publisher\" content=\"https:\/\/www.facebook.com\/diadem.greenroof\" \/>\n<meta property=\"article:modified_time\" content=\"2025-04-23T09:01:20+00:00\" \/>\n<meta name=\"twitter:card\" content=\"summary_large_image\" \/>\n<script type=\"application\/ld+json\" class=\"yoast-schema-graph\">{\"@context\":\"https:\\\/\\\/schema.org\",\"@graph\":[{\"@type\":\"WebPage\",\"@id\":\"https:\\\/\\\/diadem.com\\\/de\\\/impressum\\\/\",\"url\":\"https:\\\/\\\/diadem.com\\\/de\\\/impressum\\\/\",\"name\":\"Impressum - Diadem\",\"isPartOf\":{\"@id\":\"https:\\\/\\\/diadem.com\\\/de\\\/#website\"},\"datePublished\":\"2025-04-23T08:44:43+00:00\",\"dateModified\":\"2025-04-23T09:01:20+00:00\",\"breadcrumb\":{\"@id\":\"https:\\\/\\\/diadem.com\\\/de\\\/impressum\\\/#breadcrumb\"},\"inLanguage\":\"de\",\"potentialAction\":[{\"@type\":\"ReadAction\",\"target\":[\"https:\\\/\\\/diadem.com\\\/de\\\/impressum\\\/\"]}]},{\"@type\":\"BreadcrumbList\",\"@id\":\"https:\\\/\\\/diadem.com\\\/de\\\/impressum\\\/#breadcrumb\",\"itemListElement\":[{\"@type\":\"ListItem\",\"position\":1,\"name\":\"Home\",\"item\":\"https:\\\/\\\/diadem.com\\\/de\\\/\"},{\"@type\":\"ListItem\",\"position\":2,\"name\":\"Impressum\"}]},{\"@type\":\"WebSite\",\"@id\":\"https:\\\/\\\/diadem.com\\\/de\\\/#website\",\"url\":\"https:\\\/\\\/diadem.com\\\/de\\\/\",\"name\":\"Diadem\",\"description\":\"Green Up The Roof!\",\"publisher\":{\"@id\":\"https:\\\/\\\/diadem.com\\\/de\\\/#organization\"},\"potentialAction\":[{\"@type\":\"SearchAction\",\"target\":{\"@type\":\"EntryPoint\",\"urlTemplate\":\"https:\\\/\\\/diadem.com\\\/de\\\/?s={search_term_string}\"},\"query-input\":{\"@type\":\"PropertyValueSpecification\",\"valueRequired\":true,\"valueName\":\"search_term_string\"}}],\"inLanguage\":\"de\"},{\"@type\":\"Organization\",\"@id\":\"https:\\\/\\\/diadem.com\\\/de\\\/#organization\",\"name\":\"Diadem\",\"url\":\"https:\\\/\\\/diadem.com\\\/de\\\/\",\"logo\":{\"@type\":\"ImageObject\",\"inLanguage\":\"de\",\"@id\":\"https:\\\/\\\/diadem.com\\\/de\\\/#\\\/schema\\\/logo\\\/image\\\/\",\"url\":\"https:\\\/\\\/diadem.com\\\/wp-content\\\/uploads\\\/2020\\\/11\\\/2.png\",\"contentUrl\":\"https:\\\/\\\/diadem.com\\\/wp-content\\\/uploads\\\/2020\\\/11\\\/2.png\",\"width\":1920,\"height\":1080,\"caption\":\"Diadem\"},\"image\":{\"@id\":\"https:\\\/\\\/diadem.com\\\/de\\\/#\\\/schema\\\/logo\\\/image\\\/\"},\"sameAs\":[\"https:\\\/\\\/www.facebook.com\\\/diadem.greenroof\"]}]}<\/script>\n<!-- \/ Yoast SEO Premium plugin. -->","yoast_head_json":{"title":"Impressum - Diadem","robots":{"index":"index","follow":"follow","max-snippet":"max-snippet:-1","max-image-preview":"max-image-preview:large","max-video-preview":"max-video-preview:-1"},"canonical":"https:\/\/diadem.com\/de\/impressum\/","og_locale":"de_DE","og_type":"article","og_title":"Impressum","og_description":"Impressum Angaben zum Dienstanbieter Name: A.P.P. Kft.Firmensitz: 9028 Gy\u0151r, Feh\u00e9rv\u00e1ri \u00fat 5Postanschrift: 9028 Gy\u0151r, Feh\u00e9rv\u00e1ri \u00fat 5Handelsgericht: Handelsgericht Gy\u0151rHandelsregisternummer: 08-09-007336Steuernummer: 11611989-2-08Vertreten durch: Tam\u00e1s T\u00f3thE-Mail: info@tudatostetok.huWebseite: https:\/\/tudatostetok.hu Angaben zum Hostinganbieter Name: Rackforest Zrt.Firmensitz: 1132 Budapest, Victor Hugo utca 11. 5. Stock, B05001Kontakt: info@rackforest.huWebseite: https:\/\/rackforest.hu","og_url":"https:\/\/diadem.com\/de\/impressum\/","og_site_name":"Diadem","article_publisher":"https:\/\/www.facebook.com\/diadem.greenroof","article_modified_time":"2025-04-23T09:01:20+00:00","twitter_card":"summary_large_image","schema":{"@context":"https:\/\/schema.org","@graph":[{"@type":"WebPage","@id":"https:\/\/diadem.com\/de\/impressum\/","url":"https:\/\/diadem.com\/de\/impressum\/","name":"Impressum - Diadem","isPartOf":{"@id":"https:\/\/diadem.com\/de\/#website"},"datePublished":"2025-04-23T08:44:43+00:00","dateModified":"2025-04-23T09:01:20+00:00","breadcrumb":{"@id":"https:\/\/diadem.com\/de\/impressum\/#breadcrumb"},"inLanguage":"de","potentialAction":[{"@type":"ReadAction","target":["https:\/\/diadem.com\/de\/impressum\/"]}]},{"@type":"BreadcrumbList","@id":"https:\/\/diadem.com\/de\/impressum\/#breadcrumb","itemListElement":[{"@type":"ListItem","position":1,"name":"Home","item":"https:\/\/diadem.com\/de\/"},{"@type":"ListItem","position":2,"name":"Impressum"}]},{"@type":"WebSite","@id":"https:\/\/diadem.com\/de\/#website","url":"https:\/\/diadem.com\/de\/","name":"Diadem","description":"Green Up The Roof!","publisher":{"@id":"https:\/\/diadem.com\/de\/#organization"},"potentialAction":[{"@type":"SearchAction","target":{"@type":"EntryPoint","urlTemplate":"https:\/\/diadem.com\/de\/?s={search_term_string}"},"query-input":{"@type":"PropertyValueSpecification","valueRequired":true,"valueName":"search_term_string"}}],"inLanguage":"de"},{"@type":"Organization","@id":"https:\/\/diadem.com\/de\/#organization","name":"Diadem","url":"https:\/\/diadem.com\/de\/","logo":{"@type":"ImageObject","inLanguage":"de","@id":"https:\/\/diadem.com\/de\/#\/schema\/logo\/image\/","url":"https:\/\/diadem.com\/wp-content\/uploads\/2020\/11\/2.png","contentUrl":"https:\/\/diadem.com\/wp-content\/uploads\/2020\/11\/2.png","width":1920,"height":1080,"caption":"Diadem"},"image":{"@id":"https:\/\/diadem.com\/de\/#\/schema\/logo\/image\/"},"sameAs":["https:\/\/www.facebook.com\/diadem.greenroof"]}]}},"_links":{"self":[{"href":"https:\/\/diadem.com\/de\/wp-json\/wp\/v2\/pages\/109692","targetHints":{"allow":["GET"]}}],"collection":[{"href":"https:\/\/diadem.com\/de\/wp-json\/wp\/v2\/pages"}],"about":[{"href":"https:\/\/diadem.com\/de\/wp-json\/wp\/v2\/types\/page"}],"author":[{"embeddable":true,"href":"https:\/\/diadem.com\/de\/wp-json\/wp\/v2\/users\/1"}],"replies":[{"embeddable":true,"href":"https:\/\/diadem.com\/de\/wp-json\/wp\/v2\/comments?post=109692"}],"version-history":[{"count":1,"href":"https:\/\/diadem.com\/de\/wp-json\/wp\/v2\/pages\/109692\/revisions"}],"predecessor-version":[{"id":109696,"href":"https:\/\/diadem.com\/de\/wp-json\/wp\/v2\/pages\/109692\/revisions\/109696"}],"wp:attachment":[{"href":"https:\/\/diadem.com\/de\/wp-json\/wp\/v2\/media?parent=109692"}],"curies":[{"name":"wp","href":"https:\/\/api.w.org\/{rel}","templated":true}]}}