{"id":118989,"date":"2026-02-09T15:43:55","date_gmt":"2026-02-09T14:43:55","guid":{"rendered":"https:\/\/diadem.com\/?page_id=118989"},"modified":"2026-02-09T16:01:48","modified_gmt":"2026-02-09T15:01:48","slug":"ginop-kepzesek","status":"publish","type":"page","link":"https:\/\/diadem.com\/hu\/ginop-kepzesek\/","title":{"rendered":"GINOP Plusz \u2013 Eur\u00f3pai Uni\u00f3s t\u00e1mogat\u00e1sb\u00f3l megval\u00f3sul\u00f3 k\u00e9pz\u00e9sek\u00a0"},"content":{"rendered":"\t\t<div data-elementor-type=\"wp-page\" data-elementor-id=\"118989\" class=\"elementor elementor-118989\" data-elementor-post-type=\"page\">\n\t\t\t\t<div class=\"elementor-element elementor-element-3cd7135 e-flex e-con-boxed e-con e-parent\" data-id=\"3cd7135\" data-element_type=\"container\" data-e-type=\"container\">\n\t\t\t\t\t<div class=\"e-con-inner\">\n\t\t\t\t<div class=\"elementor-element elementor-element-5ab2feb elementor-widget__width-inherit animated-slow elementor-invisible elementor-widget elementor-widget-heading\" data-id=\"5ab2feb\" data-element_type=\"widget\" data-e-type=\"widget\" data-settings=\"{&quot;_animation&quot;:&quot;fadeInUp&quot;}\" data-widget_type=\"heading.default\">\n\t\t\t\t<div class=\"elementor-widget-container\">\n\t\t\t\t\t<h2 class=\"elementor-heading-title elementor-size-default\">GINOP Plusz \u2013 Eur\u00f3pai Uni\u00f3s t\u00e1mogat\u00e1sb\u00f3l megval\u00f3sul\u00f3 k\u00e9pz\u00e9sek<\/h2>\t\t\t\t<\/div>\n\t\t\t\t<\/div>\n\t\t\t\t\t<\/div>\n\t\t\t\t<\/div>\n\t\t<div class=\"elementor-element elementor-element-f37386c e-con-full e-flex e-con e-parent\" data-id=\"f37386c\" data-element_type=\"container\" data-e-type=\"container\">\n\t\t\t\t<div class=\"elementor-element elementor-element-575bbf6 content-align-left icon-box-vertical-align-top icon-position-left icon-vertical-align-start elementor-widget elementor-widget-the7_icon_box_widget\" data-id=\"575bbf6\" data-element_type=\"widget\" data-e-type=\"widget\" data-widget_type=\"the7_icon_box_widget.default\">\n\t\t\t\t<div class=\"elementor-widget-container\">\n\t\t\t\t\t\n\t\t<div class=\"the7-box-wrapper the7-elementor-widget the7_icon_box_widget-575bbf6\">\t\t\t<div class=\"box-content-wrapper\">\n\t\t\t\t\t\t\t\t\t<a class=\"elementor-icon-div\" href=\"https:\/\/diadem.com\/wp-content\/uploads\/2026\/02\/Kepzes_KF_AP.P._Kft_logoval.pdf\">\t\t\t\t\t\t<div class=\"elementor-icon\">\n\t\t\t\t\t\t\t<svg aria-hidden=\"true\" class=\"e-font-icon-svg e-fas-cloud-download-alt\" viewBox=\"0 0 640 512\" xmlns=\"http:\/\/www.w3.org\/2000\/svg\"><path d=\"M537.6 226.6c4.1-10.7 6.4-22.4 6.4-34.6 0-53-43-96-96-96-19.7 0-38.1 6-53.3 16.2C367 64.2 315.3 32 256 32c-88.4 0-160 71.6-160 160 0 2.7.1 5.4.2 8.1C40.2 219.8 0 273.2 0 336c0 79.5 64.5 144 144 144h368c70.7 0 128-57.3 128-128 0-61.9-44-113.6-102.4-125.4zm-132.9 88.7L299.3 420.7c-6.2 6.2-16.4 6.2-22.6 0L171.3 315.3c-10.1-10.1-2.9-27.3 11.3-27.3H248V176c0-8.8 7.2-16 16-16h48c8.8 0 16 7.2 16 16v112h65.4c14.2 0 21.4 17.2 11.3 27.3z\"><\/path><\/svg>\t\t\t\t\t\t<\/div>\n\t\t\t\t\t<\/a>\t\t\t\t\t\t\t\t<div class=\"box-content\">\n\t\t\t\t\t\t\t\t\t\t\t\t\t\t\t\t\t<h4 class=\"box-heading\">\n\t\t\t\t\t\t\t<a href=\"https:\/\/diadem.com\/wp-content\/uploads\/2026\/02\/Kepzes_KF_AP.P._Kft_logoval.pdf\">\t\t\t\t\t\t\t\tK+F tev\u00e9kenys\u00e9g \u00e9s term\u00e9kismeret a DIADEM z\u00f6ldtet\u0151 rendszerben\t\t\t\t\t\t\t<\/a>\t\t\t\t\t\t<\/h4>\n\t\t\t\t\t\t\t\t\t\t\t\t\t\t\t\t<div class=\"box-description\">K\u00e9pz\u00e9s befejez\u00e9s\u00e9nek d\u00e1tuma: 2026.01.16.<\/div>\n\t\t\t\t\t\n\t\t\t\t\t\n\t\t\t\t<\/div>\n\t\t\t<\/div>\n\t\t<\/div>\t\t\t\t\t<\/div>\n\t\t\t\t<\/div>\n\t\t\t\t<div class=\"elementor-element elementor-element-80a396d content-align-left icon-box-vertical-align-top icon-position-left icon-vertical-align-start elementor-widget elementor-widget-the7_icon_box_widget\" data-id=\"80a396d\" data-element_type=\"widget\" data-e-type=\"widget\" data-widget_type=\"the7_icon_box_widget.default\">\n\t\t\t\t<div class=\"elementor-widget-container\">\n\t\t\t\t\t\n\t\t<div class=\"the7-box-wrapper the7-elementor-widget the7_icon_box_widget-80a396d\">\t\t\t<div class=\"box-content-wrapper\">\n\t\t\t\t\t\t\t\t\t<a class=\"elementor-icon-div\" href=\"https:\/\/diadem.com\/wp-content\/uploads\/2026\/02\/Kepzes_ertekesites_A.A.P.Kft_logoval.pdf\">\t\t\t\t\t\t<div class=\"elementor-icon\">\n\t\t\t\t\t\t\t<svg aria-hidden=\"true\" class=\"e-font-icon-svg e-fas-cloud-download-alt\" viewBox=\"0 0 640 512\" xmlns=\"http:\/\/www.w3.org\/2000\/svg\"><path d=\"M537.6 226.6c4.1-10.7 6.4-22.4 6.4-34.6 0-53-43-96-96-96-19.7 0-38.1 6-53.3 16.2C367 64.2 315.3 32 256 32c-88.4 0-160 71.6-160 160 0 2.7.1 5.4.2 8.1C40.2 219.8 0 273.2 0 336c0 79.5 64.5 144 144 144h368c70.7 0 128-57.3 128-128 0-61.9-44-113.6-102.4-125.4zm-132.9 88.7L299.3 420.7c-6.2 6.2-16.4 6.2-22.6 0L171.3 315.3c-10.1-10.1-2.9-27.3 11.3-27.3H248V176c0-8.8 7.2-16 16-16h48c8.8 0 16 7.2 16 16v112h65.4c14.2 0 21.4 17.2 11.3 27.3z\"><\/path><\/svg>\t\t\t\t\t\t<\/div>\n\t\t\t\t\t<\/a>\t\t\t\t\t\t\t\t<div class=\"box-content\">\n\t\t\t\t\t\t\t\t\t\t\t\t\t\t\t\t\t<h4 class=\"box-heading\">\n\t\t\t\t\t\t\t<a href=\"https:\/\/diadem.com\/wp-content\/uploads\/2026\/02\/Kepzes_ertekesites_A.A.P.Kft_logoval.pdf\">\t\t\t\t\t\t\t\t\u00c9rt\u00e9kes\u00edt\u00e9s \u00e9s piaci ismeretek fejleszt\u00e9se\t\t\t\t\t\t\t<\/a>\t\t\t\t\t\t<\/h4>\n\t\t\t\t\t\t\t\t\t\t\t\t\t\t\t\t<div class=\"box-description\">K\u00e9pz\u00e9s befejez\u00e9s\u00e9nek d\u00e1tuma: 2026.01.19.<\/div>\n\t\t\t\t\t\n\t\t\t\t\t\n\t\t\t\t<\/div>\n\t\t\t<\/div>\n\t\t<\/div>\t\t\t\t\t<\/div>\n\t\t\t\t<\/div>\n\t\t\t\t<div class=\"elementor-element elementor-element-ace162c content-align-left icon-box-vertical-align-top icon-position-left icon-vertical-align-start elementor-widget elementor-widget-the7_icon_box_widget\" data-id=\"ace162c\" data-element_type=\"widget\" data-e-type=\"widget\" data-widget_type=\"the7_icon_box_widget.default\">\n\t\t\t\t<div class=\"elementor-widget-container\">\n\t\t\t\t\t\n\t\t<div class=\"the7-box-wrapper the7-elementor-widget the7_icon_box_widget-ace162c\">\t\t\t<div class=\"box-content-wrapper\">\n\t\t\t\t\t\t\t\t\t<a class=\"elementor-icon-div\" href=\"https:\/\/diadem.com\/wp-content\/uploads\/2026\/02\/Kepzes_Kommunikacio_A.P.P._Kft._logoval.pdf\">\t\t\t\t\t\t<div class=\"elementor-icon\">\n\t\t\t\t\t\t\t<svg aria-hidden=\"true\" class=\"e-font-icon-svg e-fas-cloud-download-alt\" viewBox=\"0 0 640 512\" xmlns=\"http:\/\/www.w3.org\/2000\/svg\"><path d=\"M537.6 226.6c4.1-10.7 6.4-22.4 6.4-34.6 0-53-43-96-96-96-19.7 0-38.1 6-53.3 16.2C367 64.2 315.3 32 256 32c-88.4 0-160 71.6-160 160 0 2.7.1 5.4.2 8.1C40.2 219.8 0 273.2 0 336c0 79.5 64.5 144 144 144h368c70.7 0 128-57.3 128-128 0-61.9-44-113.6-102.4-125.4zm-132.9 88.7L299.3 420.7c-6.2 6.2-16.4 6.2-22.6 0L171.3 315.3c-10.1-10.1-2.9-27.3 11.3-27.3H248V176c0-8.8 7.2-16 16-16h48c8.8 0 16 7.2 16 16v112h65.4c14.2 0 21.4 17.2 11.3 27.3z\"><\/path><\/svg>\t\t\t\t\t\t<\/div>\n\t\t\t\t\t<\/a>\t\t\t\t\t\t\t\t<div class=\"box-content\">\n\t\t\t\t\t\t\t\t\t\t\t\t\t\t\t\t\t<h4 class=\"box-heading\">\n\t\t\t\t\t\t\t<a href=\"https:\/\/diadem.com\/wp-content\/uploads\/2026\/02\/Kepzes_Kommunikacio_A.P.P._Kft._logoval.pdf\">\t\t\t\t\t\t\t\tKommunik\u00e1ci\u00f3 \u00e9s vezet\u0151i k\u00e9szs\u00e9gek fejleszt\u00e9se a DIADEM z\u00f6ldtet\u0151 rendszerben\t\t\t\t\t\t\t<\/a>\t\t\t\t\t\t<\/h4>\n\t\t\t\t\t\t\t\t\t\t\t\t\t\t\t\t<div class=\"box-description\">K\u00e9pz\u00e9s befejez\u00e9s\u00e9nek d\u00e1tuma: 2026.01.21.<\/div>\n\t\t\t\t\t\n\t\t\t\t\t\n\t\t\t\t<\/div>\n\t\t\t<\/div>\n\t\t<\/div>\t\t\t\t\t<\/div>\n\t\t\t\t<\/div>\n\t\t\t\t<\/div>\n\t\t\t\t<section class=\"elementor-section elementor-top-section elementor-element elementor-element-1513885 elementor-section-height-min-height elementor-section-items-stretch elementor-reverse-tablet elementor-reverse-mobile elementor-section-boxed elementor-section-height-default\" data-id=\"1513885\" data-element_type=\"section\" data-e-type=\"section\" data-settings=\"{&quot;background_background&quot;:&quot;classic&quot;}\">\n\t\t\t\t\t\t\t<div class=\"elementor-background-overlay\"><\/div>\n\t\t\t\t\t\t\t<div class=\"elementor-container elementor-column-gap-wider\">\n\t\t\t\t\t<div class=\"elementor-column elementor-col-100 elementor-top-column elementor-element elementor-element-78dcd14\" data-id=\"78dcd14\" data-element_type=\"column\" data-e-type=\"column\">\n\t\t\t<div class=\"elementor-widget-wrap elementor-element-populated\">\n\t\t\t\t\t\t<div class=\"elementor-element elementor-element-35645ca elementor-widget__width-initial elementor-widget elementor-widget-heading\" data-id=\"35645ca\" data-element_type=\"widget\" data-e-type=\"widget\" data-widget_type=\"heading.default\">\n\t\t\t\t<div class=\"elementor-widget-container\">\n\t\t\t\t\t<h2 class=\"elementor-heading-title elementor-size-default\">H\u00edvjon minket vagy k\u00fcldj\u00f6n \u00fczenetet, <br>Csapatunk a lehet\u0151 leghamarabb felveszi \u00d6nnel a kapcsolatot.<\/h2>\t\t\t\t<\/div>\n\t\t\t\t<\/div>\n\t\t\t\t<div class=\"elementor-element elementor-element-3fc160f elementor-widget elementor-widget-spacer\" data-id=\"3fc160f\" data-element_type=\"widget\" data-e-type=\"widget\" data-widget_type=\"spacer.default\">\n\t\t\t\t<div class=\"elementor-widget-container\">\n\t\t\t\t\t\t\t<div class=\"elementor-spacer\">\n\t\t\t<div class=\"elementor-spacer-inner\"><\/div>\n\t\t<\/div>\n\t\t\t\t\t\t<\/div>\n\t\t\t\t<\/div>\n\t\t\t\t<div class=\"elementor-element elementor-element-3ef7c49 elementor-widget__width-auto elementor-widget-mobile__width-inherit elementor-mobile-align-center elementor-widget elementor-widget-the7_button_widget\" data-id=\"3ef7c49\" data-element_type=\"widget\" data-e-type=\"widget\" data-widget_type=\"the7_button_widget.default\">\n\t\t\t\t<div class=\"elementor-widget-container\">\n\t\t\t\t\t<div class=\"elementor-button-wrapper\"><a href=\"https:\/\/diadem.com\/hu\/contact-diadem\/\" class=\"box-button elementor-button elementor-size-xl\">Online kapcsolattart\u00e1s<svg aria-hidden=\"true\" class=\"elementor-button-icon e-font-icon-svg e-far-address-book\" viewBox=\"0 0 448 512\" xmlns=\"http:\/\/www.w3.org\/2000\/svg\"><path d=\"M436 160c6.6 0 12-5.4 12-12v-40c0-6.6-5.4-12-12-12h-20V48c0-26.5-21.5-48-48-48H48C21.5 0 0 21.5 0 48v416c0 26.5 21.5 48 48 48h320c26.5 0 48-21.5 48-48v-48h20c6.6 0 12-5.4 12-12v-40c0-6.6-5.4-12-12-12h-20v-64h20c6.6 0 12-5.4 12-12v-40c0-6.6-5.4-12-12-12h-20v-64h20zm-68 304H48V48h320v416zM208 256c35.3 0 64-28.7 64-64s-28.7-64-64-64-64 28.7-64 64 28.7 64 64 64zm-89.6 128h179.2c12.4 0 22.4-8.6 22.4-19.2v-19.2c0-31.8-30.1-57.6-67.2-57.6-10.8 0-18.7 8-44.8 8-26.9 0-33.4-8-44.8-8-37.1 0-67.2 25.8-67.2 57.6v19.2c0 10.6 10 19.2 22.4 19.2z\"><\/path><\/svg><\/a><\/div>\t\t\t\t<\/div>\n\t\t\t\t<\/div>\n\t\t\t\t<div class=\"elementor-element elementor-element-faef9bf elementor-widget__width-auto elementor-widget-mobile__width-inherit elementor-mobile-align-center elementor-widget elementor-widget-the7_button_widget\" data-id=\"faef9bf\" data-element_type=\"widget\" data-e-type=\"widget\" data-widget_type=\"the7_button_widget.default\">\n\t\t\t\t<div class=\"elementor-widget-container\">\n\t\t\t\t\t<div class=\"elementor-button-wrapper\"><a href=\"https:\/\/diadem.com\/hu\/visszahivas-kerese\/\" class=\"box-button elementor-button elementor-size-xl\">K\u00e9rjen visszah\u00edv\u00e1st<svg aria-hidden=\"true\" class=\"elementor-button-icon e-font-icon-svg e-fas-phone\" viewBox=\"0 0 512 512\" xmlns=\"http:\/\/www.w3.org\/2000\/svg\"><path d=\"M493.4 24.6l-104-24c-11.3-2.6-22.9 3.3-27.5 13.9l-48 112c-4.2 9.8-1.4 21.3 6.9 28l60.6 49.6c-36 76.7-98.9 140.5-177.2 177.2l-49.6-60.6c-6.8-8.3-18.2-11.1-28-6.9l-112 48C3.9 366.5-2 378.1.6 389.4l24 104C27.1 504.2 36.7 512 48 512c256.1 0 464-207.5 464-464 0-11.2-7.7-20.9-18.6-23.4z\"><\/path><\/svg><\/a><\/div>\t\t\t\t<\/div>\n\t\t\t\t<\/div>\n\t\t\t\t<div class=\"elementor-element elementor-element-684b4e8 elementor-widget__width-auto elementor-widget-mobile__width-inherit elementor-mobile-align-center elementor-widget elementor-widget-the7_button_widget\" data-id=\"684b4e8\" data-element_type=\"widget\" data-e-type=\"widget\" data-widget_type=\"the7_button_widget.default\">\n\t\t\t\t<div class=\"elementor-widget-container\">\n\t\t\t\t\t<div class=\"elementor-button-wrapper\"><a href=\"mailto:info@diadem.com\" class=\"box-button elementor-button elementor-size-xl\">K\u00fcldj\u00f6n e-mail<svg aria-hidden=\"true\" class=\"elementor-button-icon e-font-icon-svg e-far-envelope\" viewBox=\"0 0 512 512\" xmlns=\"http:\/\/www.w3.org\/2000\/svg\"><path d=\"M464 64H48C21.49 64 0 85.49 0 112v288c0 26.51 21.49 48 48 48h416c26.51 0 48-21.49 48-48V112c0-26.51-21.49-48-48-48zm0 48v40.805c-22.422 18.259-58.168 46.651-134.587 106.49-16.841 13.247-50.201 45.072-73.413 44.701-23.208.375-56.579-31.459-73.413-44.701C106.18 199.465 70.425 171.067 48 152.805V112h416zM48 400V214.398c22.914 18.251 55.409 43.862 104.938 82.646 21.857 17.205 60.134 55.186 103.062 54.955 42.717.231 80.509-37.199 103.053-54.947 49.528-38.783 82.032-64.401 104.947-82.653V400H48z\"><\/path><\/svg><\/a><\/div>\t\t\t\t<\/div>\n\t\t\t\t<\/div>\n\t\t\t\t\t<\/div>\n\t\t<\/div>\n\t\t\t\t\t<\/div>\n\t\t<\/section>\n\t\t\t\t<\/div>\n\t\t","protected":false},"excerpt":{"rendered":"<p>GINOP Plusz \u2013 Eur\u00f3pai Uni\u00f3s t\u00e1mogat\u00e1sb\u00f3l megval\u00f3sul\u00f3 k\u00e9pz\u00e9sek K+F tev\u00e9kenys\u00e9g \u00e9s term\u00e9kismeret a DIADEM z\u00f6ldtet\u0151 rendszerben K\u00e9pz\u00e9s befejez\u00e9s\u00e9nek d\u00e1tuma: 2026.01.16. \u00c9rt\u00e9kes\u00edt\u00e9s \u00e9s piaci ismeretek fejleszt\u00e9se K\u00e9pz\u00e9s befejez\u00e9s\u00e9nek d\u00e1tuma: 2026.01.19. Kommunik\u00e1ci\u00f3 \u00e9s vezet\u0151i k\u00e9szs\u00e9gek fejleszt\u00e9se a DIADEM z\u00f6ldtet\u0151 rendszerben K\u00e9pz\u00e9s befejez\u00e9s\u00e9nek d\u00e1tuma: 2026.01.21. H\u00edvjon minket vagy k\u00fcldj\u00f6n \u00fczenetet, Csapatunk a lehet\u0151 leghamarabb felveszi \u00d6nnel a kapcsolatot.&hellip;<\/p>\n","protected":false},"author":1,"featured_media":0,"parent":0,"menu_order":0,"comment_status":"closed","ping_status":"closed","template":"","meta":{"_acf_changed":false,"footnotes":""},"class_list":["post-118989","page","type-page","status-publish","hentry"],"acf":[],"yoast_head":"<!-- This site is optimized with the Yoast SEO Premium plugin v27.3 (Yoast SEO v27.3) - https:\/\/yoast.com\/product\/yoast-seo-premium-wordpress\/ -->\n<title>GINOP Plusz \u2013 Eur\u00f3pai Uni\u00f3s t\u00e1mogat\u00e1sb\u00f3l megval\u00f3sul\u00f3 k\u00e9pz\u00e9sek\u00a0 - Diadem<\/title>\n<meta name=\"robots\" content=\"index, follow, max-snippet:-1, max-image-preview:large, max-video-preview:-1\" \/>\n<link rel=\"canonical\" href=\"https:\/\/diadem.com\/hu\/ginop-kepzesek\/\" \/>\n<meta property=\"og:locale\" content=\"hu_HU\" \/>\n<meta property=\"og:type\" content=\"article\" \/>\n<meta property=\"og:title\" content=\"GINOP Plusz \u2013 Eur\u00f3pai Uni\u00f3s t\u00e1mogat\u00e1sb\u00f3l megval\u00f3sul\u00f3 k\u00e9pz\u00e9sek\u00a0\" \/>\n<meta property=\"og:description\" content=\"GINOP Plusz \u2013 Eur\u00f3pai Uni\u00f3s t\u00e1mogat\u00e1sb\u00f3l megval\u00f3sul\u00f3 k\u00e9pz\u00e9sek K+F tev\u00e9kenys\u00e9g \u00e9s term\u00e9kismeret a DIADEM z\u00f6ldtet\u0151 rendszerben K\u00e9pz\u00e9s befejez\u00e9s\u00e9nek d\u00e1tuma: 2026.01.16. \u00c9rt\u00e9kes\u00edt\u00e9s \u00e9s piaci ismeretek fejleszt\u00e9se K\u00e9pz\u00e9s befejez\u00e9s\u00e9nek d\u00e1tuma: 2026.01.19. Kommunik\u00e1ci\u00f3 \u00e9s vezet\u0151i k\u00e9szs\u00e9gek fejleszt\u00e9se a DIADEM z\u00f6ldtet\u0151 rendszerben K\u00e9pz\u00e9s befejez\u00e9s\u00e9nek d\u00e1tuma: 2026.01.21. H\u00edvjon minket vagy k\u00fcldj\u00f6n \u00fczenetet, Csapatunk a lehet\u0151 leghamarabb felveszi \u00d6nnel a kapcsolatot.&hellip;\" \/>\n<meta property=\"og:url\" content=\"https:\/\/diadem.com\/hu\/ginop-kepzesek\/\" \/>\n<meta property=\"og:site_name\" content=\"Diadem\" \/>\n<meta property=\"article:publisher\" content=\"https:\/\/www.facebook.com\/diadem.greenroof\" \/>\n<meta property=\"article:modified_time\" content=\"2026-02-09T15:01:48+00:00\" \/>\n<meta name=\"twitter:card\" content=\"summary_large_image\" \/>\n<meta name=\"twitter:label1\" content=\"Becs\u00fclt olvas\u00e1si id\u0151\" \/>\n\t<meta name=\"twitter:data1\" content=\"1 perc\" \/>\n<script type=\"application\/ld+json\" class=\"yoast-schema-graph\">{\"@context\":\"https:\\\/\\\/schema.org\",\"@graph\":[{\"@type\":\"WebPage\",\"@id\":\"https:\\\/\\\/diadem.com\\\/hu\\\/ginop-kepzesek\\\/\",\"url\":\"https:\\\/\\\/diadem.com\\\/hu\\\/ginop-kepzesek\\\/\",\"name\":\"GINOP Plusz \u2013 Eur\u00f3pai Uni\u00f3s t\u00e1mogat\u00e1sb\u00f3l megval\u00f3sul\u00f3 k\u00e9pz\u00e9sek\u00a0 - Diadem\",\"isPartOf\":{\"@id\":\"https:\\\/\\\/diadem.com\\\/hu\\\/#website\"},\"datePublished\":\"2026-02-09T14:43:55+00:00\",\"dateModified\":\"2026-02-09T15:01:48+00:00\",\"breadcrumb\":{\"@id\":\"https:\\\/\\\/diadem.com\\\/hu\\\/ginop-kepzesek\\\/#breadcrumb\"},\"inLanguage\":\"hu\",\"potentialAction\":[{\"@type\":\"ReadAction\",\"target\":[\"https:\\\/\\\/diadem.com\\\/hu\\\/ginop-kepzesek\\\/\"]}]},{\"@type\":\"BreadcrumbList\",\"@id\":\"https:\\\/\\\/diadem.com\\\/hu\\\/ginop-kepzesek\\\/#breadcrumb\",\"itemListElement\":[{\"@type\":\"ListItem\",\"position\":1,\"name\":\"Home\",\"item\":\"https:\\\/\\\/diadem.com\\\/hu\\\/\"},{\"@type\":\"ListItem\",\"position\":2,\"name\":\"GINOP Plusz \u2013 Eur\u00f3pai Uni\u00f3s t\u00e1mogat\u00e1sb\u00f3l megval\u00f3sul\u00f3 k\u00e9pz\u00e9sek\u00a0\"}]},{\"@type\":\"WebSite\",\"@id\":\"https:\\\/\\\/diadem.com\\\/hu\\\/#website\",\"url\":\"https:\\\/\\\/diadem.com\\\/hu\\\/\",\"name\":\"Diadem\",\"description\":\"Green Up The Roof!\",\"publisher\":{\"@id\":\"https:\\\/\\\/diadem.com\\\/hu\\\/#organization\"},\"potentialAction\":[{\"@type\":\"SearchAction\",\"target\":{\"@type\":\"EntryPoint\",\"urlTemplate\":\"https:\\\/\\\/diadem.com\\\/hu\\\/?s={search_term_string}\"},\"query-input\":{\"@type\":\"PropertyValueSpecification\",\"valueRequired\":true,\"valueName\":\"search_term_string\"}}],\"inLanguage\":\"hu\"},{\"@type\":\"Organization\",\"@id\":\"https:\\\/\\\/diadem.com\\\/hu\\\/#organization\",\"name\":\"Diadem\",\"url\":\"https:\\\/\\\/diadem.com\\\/hu\\\/\",\"logo\":{\"@type\":\"ImageObject\",\"inLanguage\":\"hu\",\"@id\":\"https:\\\/\\\/diadem.com\\\/hu\\\/#\\\/schema\\\/logo\\\/image\\\/\",\"url\":\"https:\\\/\\\/diadem.com\\\/wp-content\\\/uploads\\\/2020\\\/11\\\/2.png\",\"contentUrl\":\"https:\\\/\\\/diadem.com\\\/wp-content\\\/uploads\\\/2020\\\/11\\\/2.png\",\"width\":1920,\"height\":1080,\"caption\":\"Diadem\"},\"image\":{\"@id\":\"https:\\\/\\\/diadem.com\\\/hu\\\/#\\\/schema\\\/logo\\\/image\\\/\"},\"sameAs\":[\"https:\\\/\\\/www.facebook.com\\\/diadem.greenroof\"]}]}<\/script>\n<!-- \/ Yoast SEO Premium plugin. -->","yoast_head_json":{"title":"GINOP Plusz \u2013 Eur\u00f3pai Uni\u00f3s t\u00e1mogat\u00e1sb\u00f3l megval\u00f3sul\u00f3 k\u00e9pz\u00e9sek\u00a0 - Diadem","robots":{"index":"index","follow":"follow","max-snippet":"max-snippet:-1","max-image-preview":"max-image-preview:large","max-video-preview":"max-video-preview:-1"},"canonical":"https:\/\/diadem.com\/hu\/ginop-kepzesek\/","og_locale":"hu_HU","og_type":"article","og_title":"GINOP Plusz \u2013 Eur\u00f3pai Uni\u00f3s t\u00e1mogat\u00e1sb\u00f3l megval\u00f3sul\u00f3 k\u00e9pz\u00e9sek\u00a0","og_description":"GINOP Plusz \u2013 Eur\u00f3pai Uni\u00f3s t\u00e1mogat\u00e1sb\u00f3l megval\u00f3sul\u00f3 k\u00e9pz\u00e9sek K+F tev\u00e9kenys\u00e9g \u00e9s term\u00e9kismeret a DIADEM z\u00f6ldtet\u0151 rendszerben K\u00e9pz\u00e9s befejez\u00e9s\u00e9nek d\u00e1tuma: 2026.01.16. \u00c9rt\u00e9kes\u00edt\u00e9s \u00e9s piaci ismeretek fejleszt\u00e9se K\u00e9pz\u00e9s befejez\u00e9s\u00e9nek d\u00e1tuma: 2026.01.19. Kommunik\u00e1ci\u00f3 \u00e9s vezet\u0151i k\u00e9szs\u00e9gek fejleszt\u00e9se a DIADEM z\u00f6ldtet\u0151 rendszerben K\u00e9pz\u00e9s befejez\u00e9s\u00e9nek d\u00e1tuma: 2026.01.21. H\u00edvjon minket vagy k\u00fcldj\u00f6n \u00fczenetet, Csapatunk a lehet\u0151 leghamarabb felveszi \u00d6nnel a kapcsolatot.&hellip;","og_url":"https:\/\/diadem.com\/hu\/ginop-kepzesek\/","og_site_name":"Diadem","article_publisher":"https:\/\/www.facebook.com\/diadem.greenroof","article_modified_time":"2026-02-09T15:01:48+00:00","twitter_card":"summary_large_image","twitter_misc":{"Becs\u00fclt olvas\u00e1si id\u0151":"1 perc"},"schema":{"@context":"https:\/\/schema.org","@graph":[{"@type":"WebPage","@id":"https:\/\/diadem.com\/hu\/ginop-kepzesek\/","url":"https:\/\/diadem.com\/hu\/ginop-kepzesek\/","name":"GINOP Plusz \u2013 Eur\u00f3pai Uni\u00f3s t\u00e1mogat\u00e1sb\u00f3l megval\u00f3sul\u00f3 k\u00e9pz\u00e9sek\u00a0 - Diadem","isPartOf":{"@id":"https:\/\/diadem.com\/hu\/#website"},"datePublished":"2026-02-09T14:43:55+00:00","dateModified":"2026-02-09T15:01:48+00:00","breadcrumb":{"@id":"https:\/\/diadem.com\/hu\/ginop-kepzesek\/#breadcrumb"},"inLanguage":"hu","potentialAction":[{"@type":"ReadAction","target":["https:\/\/diadem.com\/hu\/ginop-kepzesek\/"]}]},{"@type":"BreadcrumbList","@id":"https:\/\/diadem.com\/hu\/ginop-kepzesek\/#breadcrumb","itemListElement":[{"@type":"ListItem","position":1,"name":"Home","item":"https:\/\/diadem.com\/hu\/"},{"@type":"ListItem","position":2,"name":"GINOP Plusz \u2013 Eur\u00f3pai Uni\u00f3s t\u00e1mogat\u00e1sb\u00f3l megval\u00f3sul\u00f3 k\u00e9pz\u00e9sek\u00a0"}]},{"@type":"WebSite","@id":"https:\/\/diadem.com\/hu\/#website","url":"https:\/\/diadem.com\/hu\/","name":"Diadem","description":"Green Up The Roof!","publisher":{"@id":"https:\/\/diadem.com\/hu\/#organization"},"potentialAction":[{"@type":"SearchAction","target":{"@type":"EntryPoint","urlTemplate":"https:\/\/diadem.com\/hu\/?s={search_term_string}"},"query-input":{"@type":"PropertyValueSpecification","valueRequired":true,"valueName":"search_term_string"}}],"inLanguage":"hu"},{"@type":"Organization","@id":"https:\/\/diadem.com\/hu\/#organization","name":"Diadem","url":"https:\/\/diadem.com\/hu\/","logo":{"@type":"ImageObject","inLanguage":"hu","@id":"https:\/\/diadem.com\/hu\/#\/schema\/logo\/image\/","url":"https:\/\/diadem.com\/wp-content\/uploads\/2020\/11\/2.png","contentUrl":"https:\/\/diadem.com\/wp-content\/uploads\/2020\/11\/2.png","width":1920,"height":1080,"caption":"Diadem"},"image":{"@id":"https:\/\/diadem.com\/hu\/#\/schema\/logo\/image\/"},"sameAs":["https:\/\/www.facebook.com\/diadem.greenroof"]}]}},"_links":{"self":[{"href":"https:\/\/diadem.com\/hu\/wp-json\/wp\/v2\/pages\/118989","targetHints":{"allow":["GET"]}}],"collection":[{"href":"https:\/\/diadem.com\/hu\/wp-json\/wp\/v2\/pages"}],"about":[{"href":"https:\/\/diadem.com\/hu\/wp-json\/wp\/v2\/types\/page"}],"author":[{"embeddable":true,"href":"https:\/\/diadem.com\/hu\/wp-json\/wp\/v2\/users\/1"}],"replies":[{"embeddable":true,"href":"https:\/\/diadem.com\/hu\/wp-json\/wp\/v2\/comments?post=118989"}],"version-history":[{"count":10,"href":"https:\/\/diadem.com\/hu\/wp-json\/wp\/v2\/pages\/118989\/revisions"}],"predecessor-version":[{"id":119019,"href":"https:\/\/diadem.com\/hu\/wp-json\/wp\/v2\/pages\/118989\/revisions\/119019"}],"wp:attachment":[{"href":"https:\/\/diadem.com\/hu\/wp-json\/wp\/v2\/media?parent=118989"}],"curies":[{"name":"wp","href":"https:\/\/api.w.org\/{rel}","templated":true}]}}